{"id":2,"date":"2016-05-10T03:48:21","date_gmt":"2016-05-10T03:48:21","guid":{"rendered":"http:\/\/knogler-fugen.de\/?page_id=2"},"modified":"2024-06-11T20:19:20","modified_gmt":"2024-06-11T20:19:20","slug":"sample-page","status":"publish","type":"page","link":"https:\/\/knogler-fugen.de\/","title":{"rendered":"Matthias Knogler"},"content":{"rendered":"\n<p>Ihre Spezialisten f\u00fcr Fugen-, Fliesen und Natursteinarbeiten.<\/p>\n\n\n\n<h2 class=\"wp-block-heading\">Silikonfugen im Hochbau<\/h2>\n\n\n\n<p>Brandschutzfugen, Bodenfugen<\/p>\n\n\n\n<h2 class=\"wp-block-heading\">Fugensanierung und -wartung<\/h2>\n\n\n\n<p>Fugen entfernen, ausbessern, erneuern. Schimmel-Sanierung<\/p>\n\n\n\n<h2 class=\"wp-block-heading\">Sanit\u00e4rfugen<\/h2>\n\n\n\n<p>Fliesen- und Naturstein, Mosaik<\/p>\n\n\n\n<h2 class=\"wp-block-heading\">Schwimmbad-Abdichtung<\/h2>\n\n\n\n<p>\u00dcber- und Unterwasserfugen. Wartungsfugen. Dauernass- und chemikalienbest\u00e4ndige Wartungsfugen<\/p>\n","protected":false},"excerpt":{"rendered":"<p>Ihre Spezialisten f\u00fcr Fugen-, Fliesen und Natursteinarbeiten. Silikonfugen im Hochbau Brandschutzfugen, Bodenfugen Fugensanierung und -wartung Fugen entfernen, ausbessern, erneuern. Schimmel-Sanierung Sanit\u00e4rfugen Fliesen- und Naturstein, Mosaik Schwimmbad-Abdichtung \u00dcber- und Unterwasserfugen. Wartungsfugen. Dauernass- und chemikalienbest\u00e4ndige Wartungsfugen<\/p>\n","protected":false},"author":1,"featured_media":0,"parent":0,"menu_order":0,"comment_status":"closed","ping_status":"open","template":"","meta":{"neve_meta_sidebar":"","neve_meta_container":"","neve_meta_enable_content_width":"","neve_meta_content_width":0,"neve_meta_title_alignment":"","neve_meta_author_avatar":"","neve_post_elements_order":"","neve_meta_disable_header":"","neve_meta_disable_footer":"","neve_meta_disable_title":"","_ti_tpc_template_sync":false,"_ti_tpc_template_id":"","footnotes":""},"aioseo_notices":[],"_links":{"self":[{"href":"https:\/\/knogler-fugen.de\/index.php?rest_route=\/wp\/v2\/pages\/2"}],"collection":[{"href":"https:\/\/knogler-fugen.de\/index.php?rest_route=\/wp\/v2\/pages"}],"about":[{"href":"https:\/\/knogler-fugen.de\/index.php?rest_route=\/wp\/v2\/types\/page"}],"author":[{"embeddable":true,"href":"https:\/\/knogler-fugen.de\/index.php?rest_route=\/wp\/v2\/users\/1"}],"replies":[{"embeddable":true,"href":"https:\/\/knogler-fugen.de\/index.php?rest_route=%2Fwp%2Fv2%2Fcomments&post=2"}],"version-history":[{"count":4,"href":"https:\/\/knogler-fugen.de\/index.php?rest_route=\/wp\/v2\/pages\/2\/revisions"}],"predecessor-version":[{"id":81,"href":"https:\/\/knogler-fugen.de\/index.php?rest_route=\/wp\/v2\/pages\/2\/revisions\/81"}],"wp:attachment":[{"href":"https:\/\/knogler-fugen.de\/index.php?rest_route=%2Fwp%2Fv2%2Fmedia&parent=2"}],"curies":[{"name":"wp","href":"https:\/\/api.w.org\/{rel}","templated":true}]}}